{"id":105,"date":"2025-09-21T21:18:04","date_gmt":"2025-09-21T20:18:04","guid":{"rendered":"http:\/\/ezdfzru.cluster021.hosting.ovh.net\/?page_id=105"},"modified":"2026-01-09T18:49:18","modified_gmt":"2026-01-09T17:49:18","slug":"accueil","status":"publish","type":"page","link":"https:\/\/mdelecsarl.com\/","title":{"rendered":"ACCUEIL"},"content":{"rendered":"\n<div class=\"wp-block-columns is-layout-flex wp-container-core-columns-is-layout-28f84493 wp-block-columns-is-layout-flex\">\n<div class=\"wp-block-column is-layout-flow wp-block-column-is-layout-flow\">\n<div class=\"wp-block-uagb-slider uagb-block-fd66f242 uagb-slider-container\"><div class=\"uagb-slides uagb-swiper\"><div class=\"swiper-wrapper\">\n<div class=\"wp-block-uagb-slider-child uagb-slider-child-wrap swiper-slide uagb-block-ad19e25c\"><div class=\"swiper-content\">\n<div class=\"wp-block-uagb-container uagb-block-8f68268d alignfull uagb-is-root-container\"><div class=\"uagb-container-inner-blocks-wrap\">\n<div class=\"wp-block-uagb-image uagb-block-a2e12a21 wp-block-uagb-image--layout-default wp-block-uagb-image--effect-static wp-block-uagb-image--align-none\"><figure class=\"wp-block-uagb-image__figure\"><img decoding=\"async\" srcset=\"https:\/\/mdelecsarl.com\/wp-content\/uploads\/2025\/11\/IMG_20200225_194822-3-1024x602.jpg ,https:\/\/mdelecsarl.com\/wp-content\/uploads\/2025\/11\/IMG_20200225_194822-3-scaled.jpg 780w, https:\/\/mdelecsarl.com\/wp-content\/uploads\/2025\/11\/IMG_20200225_194822-3-scaled.jpg 360w\" sizes=\"auto, (max-width: 480px) 150px\" src=\"https:\/\/mdelecsarl.com\/wp-content\/uploads\/2025\/11\/IMG_20200225_194822-3-1024x602.jpg\" alt=\"\" class=\"uag-image-223\" width=\"1000\" height=\"500\" title=\"qrf\" loading=\"lazy\" role=\"img\"\/><\/figure><\/div>\n<\/div><\/div>\n<\/div><\/div>\n\n\n\n<div class=\"wp-block-uagb-slider-child uagb-slider-child-wrap swiper-slide uagb-block-f766b3e8\"><div class=\"swiper-content\">\n<div class=\"wp-block-uagb-container uagb-block-2b8cd0c8 alignfull uagb-is-root-container\"><div class=\"uagb-container-inner-blocks-wrap\">\n<div class=\"wp-block-uagb-image uagb-block-ba31c852 wp-block-uagb-image--layout-default wp-block-uagb-image--effect-static wp-block-uagb-image--align-none\"><figure class=\"wp-block-uagb-image__figure\"><img decoding=\"async\" srcset=\"https:\/\/mdelecsarl.com\/wp-content\/uploads\/2025\/11\/IMG_20191128_200929-1024x525.jpg ,https:\/\/mdelecsarl.com\/wp-content\/uploads\/2025\/11\/IMG_20191128_200929-scaled.jpg 780w, https:\/\/mdelecsarl.com\/wp-content\/uploads\/2025\/11\/IMG_20191128_200929-scaled.jpg 360w\" sizes=\"auto, (max-width: 480px) 150px\" src=\"https:\/\/mdelecsarl.com\/wp-content\/uploads\/2025\/11\/IMG_20191128_200929-1024x525.jpg\" alt=\"\" class=\"uag-image-222\" width=\"1000\" height=\"500\" title=\"qrf\" loading=\"lazy\" role=\"img\"\/><\/figure><\/div>\n<\/div><\/div>\n<\/div><\/div>\n\n\n\n<div class=\"wp-block-uagb-slider-child uagb-slider-child-wrap swiper-slide uagb-block-9475c661\"><div class=\"swiper-content\">\n<div class=\"wp-block-uagb-container uagb-block-232108e5 alignfull uagb-is-root-container\"><div class=\"uagb-container-inner-blocks-wrap\">\n<div class=\"wp-block-uagb-image uagb-block-c7151d42 wp-block-uagb-image--layout-default wp-block-uagb-image--effect-static wp-block-uagb-image--align-none\"><figure class=\"wp-block-uagb-image__figure\"><img decoding=\"async\" srcset=\"https:\/\/mdelecsarl.com\/wp-content\/uploads\/2025\/11\/IMG_20250703_103126-1024x744.jpg ,https:\/\/mdelecsarl.com\/wp-content\/uploads\/2025\/11\/IMG_20250703_103126-scaled.jpg 780w, https:\/\/mdelecsarl.com\/wp-content\/uploads\/2025\/11\/IMG_20250703_103126-scaled.jpg 360w\" sizes=\"auto, (max-width: 480px) 150px\" src=\"https:\/\/mdelecsarl.com\/wp-content\/uploads\/2025\/11\/IMG_20250703_103126-1024x744.jpg\" alt=\"\" class=\"uag-image-178\" width=\"1000\" height=\"500\" title=\"\" loading=\"lazy\" role=\"img\"\/><\/figure><\/div>\n<\/div><\/div>\n<\/div><\/div>\n<\/div><\/div><div class=\"swiper-pagination\"><\/div><div class=\"swiper-button-prev\"><\/div><div class=\"swiper-button-next\"><\/div><\/div>\n<\/div>\n<\/div>\n\n\n\n<p><\/p>\n\n\n\n<p><\/p>\n\n\n\n<p><\/p>\n\n\n\n<p class=\"has-medium-font-size\"><mark style=\"background-color:#0e99a4\" class=\"has-inline-color\"><strong>\u00c0 PROPOS<\/strong><\/mark><\/p>\n\n\n\n<p class=\"has-text-align-center\"><strong>MD Elec&nbsp;<\/strong>est une entreprise cr\u00e9\u00e9e en 2019 situ\u00e9e \u00e0 la Longuen\u00e9e en Anjou.&nbsp;<br>Nous sommes sp\u00e9cialis\u00e9s dans les&nbsp;<strong>solutions de c\u00e2blage d\u2019armoires et de coffrets \u00e9lectriques sur mesure<\/strong>&nbsp;bas\u00e9es sur des&nbsp;<strong>produits de toutes marques<\/strong>&nbsp;avec rigueur, r\u00e9activit\u00e9 et professionnalisme.<\/p>\n\n\n\n<p class=\"has-medium-font-size\"><strong><mark style=\"background-color:#0e99a4\" class=\"has-inline-color\">NOTRE SAVOIR FAIRE<\/mark><\/strong><\/p>\n\n\n\n<p class=\"has-text-align-center\">Nous accompagnons les entreprises dans la mise en place de solutions de c\u00e2blage,&nbsp;<strong>adapt\u00e9es \u00e0 leurs besoins&nbsp;<\/strong>dans diff\u00e9rents secteurs :<\/p>\n\n\n\n<div class=\"wp-block-columns is-layout-flex wp-container-core-columns-is-layout-ef350914 wp-block-columns-is-layout-flex\" style=\"padding-top:var(--wp--preset--spacing--30);padding-bottom:var(--wp--preset--spacing--30)\">\n<div class=\"wp-block-column is-layout-flow wp-block-column-is-layout-flow\">\n<div class=\"wp-block-buttons is-vertical is-content-justification-center is-layout-flex wp-container-core-buttons-is-layout-734eb2c2 wp-block-buttons-is-layout-flex\">\n<div class=\"wp-block-button has-custom-width wp-block-button__width-50\"><a class=\"wp-block-button__link has-background wp-element-button\" style=\"border-style:none;border-width:0px;border-radius:50px;background-color:#ec801c\"><strong>INDUSTRIE<\/strong><\/a><\/div>\n<\/div>\n\n\n\n<div class=\"wp-block-buttons is-vertical is-content-justification-center is-layout-flex wp-container-core-buttons-is-layout-734eb2c2 wp-block-buttons-is-layout-flex\">\n<div class=\"wp-block-button has-custom-width wp-block-button__width-50\"><a class=\"wp-block-button__link has-background wp-element-button\" style=\"border-radius:50px;background-color:#ec801c\"><strong>TERTIAIRE<\/strong><\/a><\/div>\n\n\n\n<div class=\"wp-block-button has-custom-width wp-block-button__width-50\"><a class=\"wp-block-button__link has-background wp-element-button\" style=\"border-radius:50px;background-color:#ec801c\"><strong>M\u00c9THANISATION<\/strong><\/a><\/div>\n<\/div>\n<\/div>\n\n\n\n<div class=\"wp-block-column is-layout-flow wp-block-column-is-layout-flow\">\n<div class=\"wp-block-buttons is-vertical is-content-justification-center is-layout-flex wp-container-core-buttons-is-layout-734eb2c2 wp-block-buttons-is-layout-flex\">\n<div class=\"wp-block-button has-custom-width wp-block-button__width-50\"><a class=\"wp-block-button__link has-background wp-element-button\" style=\"border-radius:50px;background-color:#ec801c\"><strong>AGRO ALIMENTAIRE<\/strong><\/a><\/div>\n<\/div>\n\n\n\n<div class=\"wp-block-buttons is-vertical is-content-justification-center is-layout-flex wp-container-core-buttons-is-layout-734eb2c2 wp-block-buttons-is-layout-flex\">\n<div class=\"wp-block-button has-custom-width wp-block-button__width-50\"><a class=\"wp-block-button__link has-background wp-element-button\" style=\"border-radius:50px;background-color:#ec801c\"><strong>M\u00c9DICAL<\/strong><\/a><\/div>\n<\/div>\n\n\n\n<p><\/p>\n<\/div>\n<\/div>\n\n\n\n<p><\/p>\n\n\n\n<p><\/p>\n\n\n\n<p class=\"has-medium-font-size\"><mark style=\"background-color:#0e99a4\" class=\"has-inline-color\"><strong>NOS SERVICES<\/strong><\/mark><\/p>\n\n\n\n<p>C\u00e2blage d\u2019<strong>armoires<\/strong>&nbsp;et de&nbsp;<strong>coffrets \u00e9lectriques<\/strong><\/p>\n\n\n\n<p>Utilisation de&nbsp;<strong>mat\u00e9riel de toutes marques<\/strong>&nbsp;<em>(Schneider, Hager, Phoenix, WeidMuller, Siemens\u2026)<\/em><\/p>\n\n\n\n<p><strong>Solutions personnalis\u00e9es<\/strong>&nbsp;selon vos contraintes techniques<\/p>\n\n\n\n<p><\/p>\n\n\n\n<p><\/p>\n\n\n\n<p class=\"has-medium-font-size\"><strong><mark style=\"background-color:#0e99a4\" class=\"has-inline-color\">NOTRE ENGAGEMENT<\/mark><\/strong><\/p>\n\n\n\n<p>Nous mobilisons notre&nbsp;<strong>exp\u00e9rience professionnelle<\/strong>&nbsp;pour offrir des&nbsp;<strong>prestations de qualit\u00e9<\/strong>, en ad\u00e9quation avec les exigences du secteur.<\/p>\n\n\n\n<p><\/p>\n","protected":false},"excerpt":{"rendered":"<p>\u00c0 PROPOS MD Elec&nbsp;est une entreprise cr\u00e9\u00e9e en 2019 situ\u00e9e \u00e0 la Longuen\u00e9e en Anjou.&nbsp;Nous sommes sp\u00e9cialis\u00e9s dans les&nbsp;solutions de [&hellip;]<\/p>\n","protected":false},"author":1,"featured_media":0,"parent":0,"menu_order":0,"comment_status":"closed","ping_status":"closed","template":"","meta":{"_uag_custom_page_level_css":"","site-sidebar-layout":"default","site-content-layout":"","ast-site-content-layout":"default","site-content-style":"default","site-sidebar-style":"default","ast-global-header-display":"","ast-banner-title-visibility":"","ast-main-header-display":"","ast-hfb-above-header-display":"","ast-hfb-below-header-display":"","ast-hfb-mobile-header-display":"","site-post-title":"disabled","ast-breadcrumbs-content":"","ast-featured-img":"","footer-sml-layout":"","ast-disable-related-posts":"","theme-transparent-header-meta":"","adv-header-id-meta":"","stick-header-meta":"","header-above-stick-meta":"","header-main-stick-meta":"","header-below-stick-meta":"","astra-migrate-meta-layouts":"default","ast-page-background-enabled":"default","ast-page-background-meta":{"desktop":{"background-color":"var(--ast-global-color-5)","background-image":"","background-repeat":"repeat","background-position":"center center","background-size":"auto","background-attachment":"scroll","background-type":"","background-media":"","overlay-type":"","overlay-color":"","overlay-opacity":"","overlay-gradient":""},"tablet":{"background-color":"","background-image":"","background-repeat":"repeat","background-position":"center center","background-size":"auto","background-attachment":"scroll","background-type":"","background-media":"","overlay-type":"","overlay-color":"","overlay-opacity":"","overlay-gradient":""},"mobile":{"background-color":"","background-image":"","background-repeat":"repeat","background-position":"center center","background-size":"auto","background-attachment":"scroll","background-type":"","background-media":"","overlay-type":"","overlay-color":"","overlay-opacity":"","overlay-gradient":""}},"ast-content-background-meta":{"desktop":{"background-color":"var(--ast-global-color-4)","background-image":"","background-repeat":"repeat","background-position":"center center","background-size":"auto","background-attachment":"scroll","background-type":"","background-media":"","overlay-type":"","overlay-color":"","overlay-opacity":"","overlay-gradient":""},"tablet":{"background-color":"var(--ast-global-color-4)","background-image":"","background-repeat":"repeat","background-position":"center center","background-size":"auto","background-attachment":"scroll","background-type":"","background-media":"","overlay-type":"","overlay-color":"","overlay-opacity":"","overlay-gradient":""},"mobile":{"background-color":"var(--ast-global-color-4)","background-image":"","background-repeat":"repeat","background-position":"center center","background-size":"auto","background-attachment":"scroll","background-type":"","background-media":"","overlay-type":"","overlay-color":"","overlay-opacity":"","overlay-gradient":""}},"footnotes":""},"class_list":["post-105","page","type-page","status-publish","hentry"],"yoast_head":"<!-- This site is optimized with the Yoast SEO plugin v27.4 - https:\/\/yoast.com\/product\/yoast-seo-wordpress\/ -->\n<title>MD Elec<\/title>\n<meta name=\"description\" content=\"MD Elec est une entreprise cr\u00e9\u00e9e en 2019 situ\u00e9e \u00e0 la Longuen\u00e9e en Anjou. Nous sommes sp\u00e9cialis\u00e9s dans les solutions de c\u00e2blage d\u2019armoires et de coffrets \u00e9lectriques sur mesure bas\u00e9es sur des produits de toutes marques avec rigueur, r\u00e9activit\u00e9 et professionnalisme.\" \/>\n<meta name=\"robots\" content=\"index, follow, max-snippet:-1, max-image-preview:large, max-video-preview:-1\" \/>\n<link rel=\"canonical\" href=\"https:\/\/mdelecsarl.com\/\" \/>\n<meta property=\"og:locale\" content=\"fr_FR\" \/>\n<meta property=\"og:type\" content=\"article\" \/>\n<meta property=\"og:title\" content=\"MD Elec\" \/>\n<meta property=\"og:description\" content=\"MD Elec est une entreprise cr\u00e9\u00e9e en 2019 situ\u00e9e \u00e0 la Longuen\u00e9e en Anjou. Nous sommes sp\u00e9cialis\u00e9s dans les solutions de c\u00e2blage d\u2019armoires et de coffrets \u00e9lectriques sur mesure bas\u00e9es sur des produits de toutes marques avec rigueur, r\u00e9activit\u00e9 et professionnalisme.\" \/>\n<meta property=\"og:url\" content=\"https:\/\/mdelecsarl.com\/\" \/>\n<meta property=\"article:modified_time\" content=\"2026-01-09T17:49:18+00:00\" \/>\n<meta property=\"og:image\" content=\"https:\/\/mdelecsarl.com\/wp-content\/uploads\/2025\/11\/IMG_20200225_194822-3-1024x602.jpg\" \/>\n<meta name=\"twitter:card\" content=\"summary_large_image\" \/>\n<meta name=\"twitter:label1\" content=\"Dur\u00e9e de lecture estim\u00e9e\" \/>\n\t<meta name=\"twitter:data1\" content=\"2 minutes\" \/>\n<script type=\"application\/ld+json\" class=\"yoast-schema-graph\">{\"@context\":\"https:\\\/\\\/schema.org\",\"@graph\":[{\"@type\":\"WebPage\",\"@id\":\"https:\\\/\\\/mdelecsarl.com\\\/\",\"url\":\"https:\\\/\\\/mdelecsarl.com\\\/\",\"name\":\"MD Elec\",\"isPartOf\":{\"@id\":\"https:\\\/\\\/mdelecsarl.com\\\/#website\"},\"primaryImageOfPage\":{\"@id\":\"https:\\\/\\\/mdelecsarl.com\\\/#primaryimage\"},\"image\":{\"@id\":\"https:\\\/\\\/mdelecsarl.com\\\/#primaryimage\"},\"thumbnailUrl\":\"https:\\\/\\\/mdelecsarl.com\\\/wp-content\\\/uploads\\\/2025\\\/11\\\/IMG_20200225_194822-3-1024x602.jpg\",\"datePublished\":\"2025-09-21T20:18:04+00:00\",\"dateModified\":\"2026-01-09T17:49:18+00:00\",\"description\":\"MD Elec est une entreprise cr\u00e9\u00e9e en 2019 situ\u00e9e \u00e0 la Longuen\u00e9e en Anjou. Nous sommes sp\u00e9cialis\u00e9s dans les solutions de c\u00e2blage d\u2019armoires et de coffrets \u00e9lectriques sur mesure bas\u00e9es sur des produits de toutes marques avec rigueur, r\u00e9activit\u00e9 et professionnalisme.\",\"breadcrumb\":{\"@id\":\"https:\\\/\\\/mdelecsarl.com\\\/#breadcrumb\"},\"inLanguage\":\"fr-FR\",\"potentialAction\":[{\"@type\":\"ReadAction\",\"target\":[\"https:\\\/\\\/mdelecsarl.com\\\/\"]}]},{\"@type\":\"ImageObject\",\"inLanguage\":\"fr-FR\",\"@id\":\"https:\\\/\\\/mdelecsarl.com\\\/#primaryimage\",\"url\":\"https:\\\/\\\/mdelecsarl.com\\\/wp-content\\\/uploads\\\/2025\\\/11\\\/IMG_20200225_194822-3-scaled.jpg\",\"contentUrl\":\"https:\\\/\\\/mdelecsarl.com\\\/wp-content\\\/uploads\\\/2025\\\/11\\\/IMG_20200225_194822-3-scaled.jpg\",\"width\":2560,\"height\":1506,\"caption\":\"qrf\"},{\"@type\":\"BreadcrumbList\",\"@id\":\"https:\\\/\\\/mdelecsarl.com\\\/#breadcrumb\",\"itemListElement\":[{\"@type\":\"ListItem\",\"position\":1,\"name\":\"Accueil\",\"item\":\"https:\\\/\\\/mdelecsarl.com\\\/\"},{\"@type\":\"ListItem\",\"position\":2,\"name\":\"ACCUEIL\"}]},{\"@type\":\"WebSite\",\"@id\":\"https:\\\/\\\/mdelecsarl.com\\\/#website\",\"url\":\"https:\\\/\\\/mdelecsarl.com\\\/\",\"name\":\"\",\"description\":\"Sp\u00e9cialiste dans les solutions de c\u00e2blage d\u2019armoires et de coffrets \u00e9lectriques sur mesure\",\"potentialAction\":[{\"@type\":\"SearchAction\",\"target\":{\"@type\":\"EntryPoint\",\"urlTemplate\":\"https:\\\/\\\/mdelecsarl.com\\\/?s={search_term_string}\"},\"query-input\":{\"@type\":\"PropertyValueSpecification\",\"valueRequired\":true,\"valueName\":\"search_term_string\"}}],\"inLanguage\":\"fr-FR\"}]}<\/script>\n<!-- \/ Yoast SEO plugin. -->","yoast_head_json":{"title":"MD Elec","description":"MD Elec est une entreprise cr\u00e9\u00e9e en 2019 situ\u00e9e \u00e0 la Longuen\u00e9e en Anjou. Nous sommes sp\u00e9cialis\u00e9s dans les solutions de c\u00e2blage d\u2019armoires et de coffrets \u00e9lectriques sur mesure bas\u00e9es sur des produits de toutes marques avec rigueur, r\u00e9activit\u00e9 et professionnalisme.","robots":{"index":"index","follow":"follow","max-snippet":"max-snippet:-1","max-image-preview":"max-image-preview:large","max-video-preview":"max-video-preview:-1"},"canonical":"https:\/\/mdelecsarl.com\/","og_locale":"fr_FR","og_type":"article","og_title":"MD Elec","og_description":"MD Elec est une entreprise cr\u00e9\u00e9e en 2019 situ\u00e9e \u00e0 la Longuen\u00e9e en Anjou. Nous sommes sp\u00e9cialis\u00e9s dans les solutions de c\u00e2blage d\u2019armoires et de coffrets \u00e9lectriques sur mesure bas\u00e9es sur des produits de toutes marques avec rigueur, r\u00e9activit\u00e9 et professionnalisme.","og_url":"https:\/\/mdelecsarl.com\/","article_modified_time":"2026-01-09T17:49:18+00:00","og_image":[{"url":"https:\/\/mdelecsarl.com\/wp-content\/uploads\/2025\/11\/IMG_20200225_194822-3-1024x602.jpg","type":"","width":"","height":""}],"twitter_card":"summary_large_image","twitter_misc":{"Dur\u00e9e de lecture estim\u00e9e":"2 minutes"},"schema":{"@context":"https:\/\/schema.org","@graph":[{"@type":"WebPage","@id":"https:\/\/mdelecsarl.com\/","url":"https:\/\/mdelecsarl.com\/","name":"MD Elec","isPartOf":{"@id":"https:\/\/mdelecsarl.com\/#website"},"primaryImageOfPage":{"@id":"https:\/\/mdelecsarl.com\/#primaryimage"},"image":{"@id":"https:\/\/mdelecsarl.com\/#primaryimage"},"thumbnailUrl":"https:\/\/mdelecsarl.com\/wp-content\/uploads\/2025\/11\/IMG_20200225_194822-3-1024x602.jpg","datePublished":"2025-09-21T20:18:04+00:00","dateModified":"2026-01-09T17:49:18+00:00","description":"MD Elec est une entreprise cr\u00e9\u00e9e en 2019 situ\u00e9e \u00e0 la Longuen\u00e9e en Anjou. Nous sommes sp\u00e9cialis\u00e9s dans les solutions de c\u00e2blage d\u2019armoires et de coffrets \u00e9lectriques sur mesure bas\u00e9es sur des produits de toutes marques avec rigueur, r\u00e9activit\u00e9 et professionnalisme.","breadcrumb":{"@id":"https:\/\/mdelecsarl.com\/#breadcrumb"},"inLanguage":"fr-FR","potentialAction":[{"@type":"ReadAction","target":["https:\/\/mdelecsarl.com\/"]}]},{"@type":"ImageObject","inLanguage":"fr-FR","@id":"https:\/\/mdelecsarl.com\/#primaryimage","url":"https:\/\/mdelecsarl.com\/wp-content\/uploads\/2025\/11\/IMG_20200225_194822-3-scaled.jpg","contentUrl":"https:\/\/mdelecsarl.com\/wp-content\/uploads\/2025\/11\/IMG_20200225_194822-3-scaled.jpg","width":2560,"height":1506,"caption":"qrf"},{"@type":"BreadcrumbList","@id":"https:\/\/mdelecsarl.com\/#breadcrumb","itemListElement":[{"@type":"ListItem","position":1,"name":"Accueil","item":"https:\/\/mdelecsarl.com\/"},{"@type":"ListItem","position":2,"name":"ACCUEIL"}]},{"@type":"WebSite","@id":"https:\/\/mdelecsarl.com\/#website","url":"https:\/\/mdelecsarl.com\/","name":"","description":"Sp\u00e9cialiste dans les solutions de c\u00e2blage d\u2019armoires et de coffrets \u00e9lectriques sur mesure","potentialAction":[{"@type":"SearchAction","target":{"@type":"EntryPoint","urlTemplate":"https:\/\/mdelecsarl.com\/?s={search_term_string}"},"query-input":{"@type":"PropertyValueSpecification","valueRequired":true,"valueName":"search_term_string"}}],"inLanguage":"fr-FR"}]}},"uagb_featured_image_src":{"full":false,"thumbnail":false,"medium":false,"medium_large":false,"large":false,"1536x1536":false,"2048x2048":false},"uagb_author_info":{"display_name":"admin6473","author_link":"https:\/\/mdelecsarl.com\/index.php\/author\/admin6473\/"},"uagb_comment_info":0,"uagb_excerpt":"\u00c0 PROPOS MD Elec&nbsp;est une entreprise cr\u00e9\u00e9e en 2019 situ\u00e9e \u00e0 la Longuen\u00e9e en Anjou.&nbsp;Nous sommes sp\u00e9cialis\u00e9s dans les&nbsp;solutions de [&hellip;]","_links":{"self":[{"href":"https:\/\/mdelecsarl.com\/index.php\/wp-json\/wp\/v2\/pages\/105","targetHints":{"allow":["GET"]}}],"collection":[{"href":"https:\/\/mdelecsarl.com\/index.php\/wp-json\/wp\/v2\/pages"}],"about":[{"href":"https:\/\/mdelecsarl.com\/index.php\/wp-json\/wp\/v2\/types\/page"}],"author":[{"embeddable":true,"href":"https:\/\/mdelecsarl.com\/index.php\/wp-json\/wp\/v2\/users\/1"}],"replies":[{"embeddable":true,"href":"https:\/\/mdelecsarl.com\/index.php\/wp-json\/wp\/v2\/comments?post=105"}],"version-history":[{"count":28,"href":"https:\/\/mdelecsarl.com\/index.php\/wp-json\/wp\/v2\/pages\/105\/revisions"}],"predecessor-version":[{"id":283,"href":"https:\/\/mdelecsarl.com\/index.php\/wp-json\/wp\/v2\/pages\/105\/revisions\/283"}],"wp:attachment":[{"href":"https:\/\/mdelecsarl.com\/index.php\/wp-json\/wp\/v2\/media?parent=105"}],"curies":[{"name":"wp","href":"https:\/\/api.w.org\/{rel}","templated":true}]}}